{"id":41,"date":"2022-06-19T23:25:25","date_gmt":"2022-06-19T21:25:25","guid":{"rendered":"http:\/\/ugzobrd.cluster030.hosting.ovh.net\/?page_id=41"},"modified":"2022-06-28T05:01:45","modified_gmt":"2022-06-28T03:01:45","slug":"nos-services","status":"publish","type":"page","link":"https:\/\/www.medicale-escorte.fr\/index.php\/nos-services\/","title":{"rendered":"Nos Services"},"content":{"rendered":"<p>[vc_row][vc_column][vc_column_text]<\/p>\n<h1>Nos services<\/h1>\n<p>[\/vc_column_text][vc_column_text]D\u00e9couvrez les diff\u00e9rents services propos\u00e9s par la soci\u00e9t\u00e9.[\/vc_column_text][\/vc_column][\/vc_row][vc_row][vc_column][vc_tta_tour][vc_tta_section title=\u00a0\u00bbEscorte m\u00e9dicale VIP\u00a0\u00bb tab_id=\u00a0\u00bbescorte-medicale-vip\u00a0\u00bb][vc_column_text]<\/p>\n<h2>Partout avec vous\u00a0en pr\u00e9servant votre anonymat&#8230;<\/h2>\n<p>[\/vc_column_text][vc_column_text]Tous nos intervenants sont signataires d&rsquo;une charte d&rsquo;engagement tr\u00e8s stricte qui prot\u00e8ge vos d\u00e9placements et vos int\u00e9r\u00eats.<br \/>\nAvec vous, en toute discr\u00e9tion ![\/vc_column_text][vc_column_text]<\/p>\n<h2>Un confort et une s\u00e9curit\u00e9 m\u00e9dicale o\u00f9 que vous soyez&#8230;<\/h2>\n<p>[\/vc_column_text][vc_column_text]<\/p>\n<p class=\"labels\">M\u00e9dicale Escorte, c&rsquo;est l&rsquo;assurance d&rsquo;un suivi m\u00e9dical personnalis\u00e9, soins quotidiens, risques intercurrents, conseils m\u00e9dicaux, en France et en d\u00e9placement \u00e0 l&rsquo;\u00e9tranger, mais aussi la possibilit\u00e9 d&rsquo;organiser un\u00a0rapatriement priv\u00e9.<\/p>\n<p><span class=\"labels\">Notre soci\u00e9t\u00e9 propose un service d&rsquo;escorte m\u00e9dicale adapt\u00e9 aux exigences de ses clients :<\/span><\/p>\n<ul>\n<li><span class=\"labels\">Accompagnement de personnes n\u00e9cessitant des soins<\/span><\/li>\n<\/ul>\n<p class=\"labels\">Vous, vos proches ou amis, n\u00e9cessitez la poursuite des soins en toute qui\u00e9tude pendant vos vacances ou lors de vos d\u00e9placements professionnels, nous missionnons le professionnel de sant\u00e9 (m\u00e9decin, infirmi\u00e8re) qui vous prodiguera les soins. Un service id\u00e9al pour personnes de troisi\u00e8me \u00e2ge ou personnes handicap\u00e9es qui ne peuvent pas voyager par eux-m\u00eames et ont besoin d\u2019attention m\u00e9dicale continue.<\/p>\n<ul>\n<li><span class=\"labels\">Accompagnement de personnalit\u00e9s, VIP<\/span><\/li>\n<\/ul>\n<p class=\"labels\">Le monde n&rsquo;est pas s\u00fbr\u2026 Tout le monde le sait et il faut tout faire pour limiter les risques.<br \/>\nLors des d\u00e9placements de personnalit\u00e9s, voyages d&rsquo;affaires, la soci\u00e9t\u00e9 propose un service d&rsquo;escorte m\u00e9dicale professionnel, discret, utilisant les derni\u00e8res technologies de surveillance et de traitement m\u00e9dical<\/p>\n<p>Mat\u00e9riel d&rsquo;urgence, laboratoire mobile, \u00e9chographe de transport\u2026 M\u00e9dicale escorte vous assure un large \u00e9ventail de possibilit\u00e9s de m\u00e9dicalisation.<\/p>\n<p>[\/vc_column_text][\/vc_tta_section][vc_tta_section title=\u00a0\u00bbService aux voyagistes\u00a0\u00bb tab_id=\u00a0\u00bbservice-aux-voyagistes\u00a0\u00bb][vc_column_text]<\/p>\n<h2>Etre inform\u00e9 des risques est une pr\u00e9occupation des voyagistes, dans le domaine de la sant\u00e9, ces informations sont cruciales.<\/h2>\n<p>[\/vc_column_text][vc_column_text]<\/p>\n<p class=\"labels\">M\u00e9dicale Escorte propose un service aux voyagistes :<\/p>\n<ul>\n<li><span class=\"labels\">Service d&rsquo;information des risques<\/span><\/li>\n<\/ul>\n<p class=\"labels\">Nous proposons pour chaque voyage des fiches conseils adapt\u00e9s aux clients.<br \/>\nGr\u00e2ce aux outils de communication actuelle, avec l&rsquo;aide des centres internationaux de vigilance sant\u00e9 et des services gouvernementaux, notre r\u00e9seau d&rsquo;experts \u00e9dite des recueils de donn\u00e9es simples et adapt\u00e9s \u00e0 nos clients.<br \/>\nCes fiches conseils pratiques sont mises \u00e0 jour r\u00e9guli\u00e8rement, t\u00e9l\u00e9chargeables.<\/p>\n<ul>\n<li><span class=\"labels\">Dossier m\u00e9dical,<\/span><\/li>\n<li><span class=\"labels\">Vaccinations,<\/span><\/li>\n<li><span class=\"labels\">Risques sanitaires,<\/span><\/li>\n<li><span class=\"labels\">Conseils en ligne,<\/span><\/li>\n<li><span class=\"labels\">Dossier m\u00e9dical confidentiel.<\/span><\/li>\n<li><span class=\"labels\">Formation<\/span><\/li>\n<\/ul>\n<p class=\"labels\">La soci\u00e9t\u00e9 propose des modules de formation aux gestes \u00e9l\u00e9mentaires de survie pour les accompagnateurs de groupe.<\/p>\n<p class=\"labels\">Pour en savoir plus, vous pouvez consulter le site\u00a0<a href=\"http:\/\/www.medicale-formation.fr\/\" target=\"_blank\" rel=\"noopener\">www.medicale-formation.fr<\/a><\/p>\n<p>[\/vc_column_text][\/vc_tta_section][vc_tta_section title=\u00a0\u00bbSuivi personnalis\u00e9\u00a0\u00bb tab_id=\u00a0\u00bbsuivi-perso\u00a0\u00bb][vc_column_text]<\/p>\n<h2>Dossier m\u00e9dical en ligne<\/h2>\n<p>[\/vc_column_text][vc_column_text]Accompagnement m\u00e9dical, escorte m\u00e9dicale de personnalit\u00e9s, conseils aux voyagistes, la soci\u00e9t\u00e9 propose un suivi personnalis\u00e9\u00a0de chaque personne gr\u00e2ce au dossier m\u00e9dical en ligne.<\/p>\n<p>Ce dossier m\u00e9dical, totalement confidentiel, est mis \u00e0 jour par nos soins ou la personne elle-m\u00eame, \u00e0 sa demande.[\/vc_column_text][\/vc_tta_section][\/vc_tta_tour][\/vc_column][\/vc_row]<\/p>\n","protected":false},"excerpt":{"rendered":"<p>[vc_row][vc_column][vc_column_text] Nos services [\/vc_column_text][vc_column_text]D\u00e9couvrez les diff\u00e9rents services propos\u00e9s par la soci\u00e9t\u00e9.[\/vc_column_text][\/vc_column][\/vc_row][vc_row][vc_column][vc_tta_tour][vc_tta_section title=\u00a0\u00bbEscorte m\u00e9dicale VIP\u00a0\u00bb tab_id=\u00a0\u00bbescorte-medicale-vip\u00a0\u00bb][vc_column_text] Partout avec vous\u00a0en pr\u00e9servant votre anonymat&#8230; [\/vc_column_text][vc_column_text]Tous nos intervenants sont signataires d&rsquo;une charte d&rsquo;engagement tr\u00e8s stricte qui prot\u00e8ge vos d\u00e9placements et vos int\u00e9r\u00eats. Avec vous, en toute discr\u00e9tion ![\/vc_column_text][vc_column_text] Un confort et une s\u00e9curit\u00e9 m\u00e9dicale o\u00f9 que vous soyez&#8230; [\/vc_column_text][vc_column_text]&hellip;<\/p>\n","protected":false},"author":1,"featured_media":0,"parent":0,"menu_order":0,"comment_status":"closed","ping_status":"closed","template":"","meta":{"footnotes":""},"class_list":["post-41","page","type-page","status-publish","hentry"],"acf":[],"_links":{"self":[{"href":"https:\/\/www.medicale-escorte.fr\/index.php\/wp-json\/wp\/v2\/pages\/41","targetHints":{"allow":["GET"]}}],"collection":[{"href":"https:\/\/www.medicale-escorte.fr\/index.php\/wp-json\/wp\/v2\/pages"}],"about":[{"href":"https:\/\/www.medicale-escorte.fr\/index.php\/wp-json\/wp\/v2\/types\/page"}],"author":[{"embeddable":true,"href":"https:\/\/www.medicale-escorte.fr\/index.php\/wp-json\/wp\/v2\/users\/1"}],"replies":[{"embeddable":true,"href":"https:\/\/www.medicale-escorte.fr\/index.php\/wp-json\/wp\/v2\/comments?post=41"}],"version-history":[{"count":4,"href":"https:\/\/www.medicale-escorte.fr\/index.php\/wp-json\/wp\/v2\/pages\/41\/revisions"}],"predecessor-version":[{"id":60,"href":"https:\/\/www.medicale-escorte.fr\/index.php\/wp-json\/wp\/v2\/pages\/41\/revisions\/60"}],"wp:attachment":[{"href":"https:\/\/www.medicale-escorte.fr\/index.php\/wp-json\/wp\/v2\/media?parent=41"}],"curies":[{"name":"wp","href":"https:\/\/api.w.org\/{rel}","templated":true}]}}