{"id":63,"date":"2022-06-30T03:56:45","date_gmt":"2022-06-30T01:56:45","guid":{"rendered":"http:\/\/ugzobrd.cluster030.hosting.ovh.net\/?page_id=63"},"modified":"2022-06-30T03:57:02","modified_gmt":"2022-06-30T01:57:02","slug":"mentions-legales","status":"publish","type":"page","link":"https:\/\/www.medicale-escorte.fr\/index.php\/mentions-legales\/","title":{"rendered":"Mentions l\u00e9gales"},"content":{"rendered":"<p>[vc_row][vc_column][vc_column_text]<span class=\"Apple-style-span\">Ce site Internet est \u00e9dit\u00e9 par la soci\u00e9t\u00e9 :<\/span><\/p>\n<h2>MEDICALE ASSISTANCE<\/h2>\n<p>Rue des go\u00e9lands<br \/>\nImpasse des m\u00e9ridiennes \u2013 B\u00e2timent 8<br \/>\n30900 N\u00eemes \u2013 FRANCE<br \/>\nT\u00e9l\u00e9phone : (33). 04. 66. 23. 38. 71<br \/>\ninfo@medicale-assistance.fr<\/p>\n<h2>H\u00e9bergeur : OVH<\/h2>\n<p>SAS au capital de 500 000 Euros<br \/>\nRCS Roubaix \u2013 Tourcoing 424 761 419 00011<br \/>\nSIREN : 424 761 419<br \/>\nSIRET : 424 761 419 00011<br \/>\nSi\u00e8ge Social : 140 Quai du Sartel \u2013 59100 Roubaix \u2013 France<br \/>\nT\u00e9l\u00e9phone : 08 203 203 63<\/p>\n<h2>Ce site utilise une solution CMS appel\u00e9e WordPress<\/h2>\n<p><span class=\"Apple-style-span\">\u00a0<\/span><span class=\"Apple-style-span\"><br \/>\nResponsabilit\u00e9s<\/span><\/p>\n<p>L\u2019utilisation des informations contenues sur le pr\u00e9sent site rel\u00e8ve de la seule responsabilit\u00e9 de son utilisateur. Toutes les ressources contenues dans ce site, textes, visuels et illustrations sont communiqu\u00e9s \u00e0 titre purement informatif et ne peuvent en rien engager la responsabilit\u00e9 de l\u2019\u00e9diteur. En effet, malgr\u00e9 le souhait de la soci\u00e9t\u00e9 MEDICALE ASSISTANCE d\u2019apporter les informations les plus exactes possibles et d\u2019assurer une mise \u00e0 jour r\u00e9guli\u00e8re du site Internet, celle-ci ne peut \u00eatre tenue responsable d\u2019impr\u00e9cisions, d\u2019inexactitudes, d\u2019erreurs ou de possibles omissions portant sur des informations contenues sur le pr\u00e9sent site Internet.[\/vc_column_text][\/vc_column][\/vc_row]<\/p>\n","protected":false},"excerpt":{"rendered":"<p>[vc_row][vc_column][vc_column_text]Ce site Internet est \u00e9dit\u00e9 par la soci\u00e9t\u00e9 : MEDICALE ASSISTANCE Rue des go\u00e9lands Impasse des m\u00e9ridiennes \u2013 B\u00e2timent 8 30900 N\u00eemes \u2013 FRANCE T\u00e9l\u00e9phone : (33). 04. 66. 23. 38. 71 info@medicale-assistance.fr H\u00e9bergeur : OVH SAS au capital de 500 000 Euros RCS Roubaix \u2013 Tourcoing 424 761 419 00011 SIREN : 424 761&hellip;<\/p>\n","protected":false},"author":1,"featured_media":0,"parent":0,"menu_order":0,"comment_status":"closed","ping_status":"closed","template":"","meta":{"footnotes":""},"class_list":["post-63","page","type-page","status-publish","hentry"],"acf":[],"_links":{"self":[{"href":"https:\/\/www.medicale-escorte.fr\/index.php\/wp-json\/wp\/v2\/pages\/63","targetHints":{"allow":["GET"]}}],"collection":[{"href":"https:\/\/www.medicale-escorte.fr\/index.php\/wp-json\/wp\/v2\/pages"}],"about":[{"href":"https:\/\/www.medicale-escorte.fr\/index.php\/wp-json\/wp\/v2\/types\/page"}],"author":[{"embeddable":true,"href":"https:\/\/www.medicale-escorte.fr\/index.php\/wp-json\/wp\/v2\/users\/1"}],"replies":[{"embeddable":true,"href":"https:\/\/www.medicale-escorte.fr\/index.php\/wp-json\/wp\/v2\/comments?post=63"}],"version-history":[{"count":2,"href":"https:\/\/www.medicale-escorte.fr\/index.php\/wp-json\/wp\/v2\/pages\/63\/revisions"}],"predecessor-version":[{"id":65,"href":"https:\/\/www.medicale-escorte.fr\/index.php\/wp-json\/wp\/v2\/pages\/63\/revisions\/65"}],"wp:attachment":[{"href":"https:\/\/www.medicale-escorte.fr\/index.php\/wp-json\/wp\/v2\/media?parent=63"}],"curies":[{"name":"wp","href":"https:\/\/api.w.org\/{rel}","templated":true}]}}